{"id":502,"date":"2023-02-24T10:01:55","date_gmt":"2023-02-24T10:01:55","guid":{"rendered":"https:\/\/imprenet.net\/?page_id=502"},"modified":"2023-05-08T09:25:21","modified_gmt":"2023-05-08T09:25:21","slug":"vitolas-2023","status":"publish","type":"page","link":"https:\/\/imprenet.net\/en\/vitolas-2023\/","title":{"rendered":"Vitolas-2023"},"content":{"rendered":"<h2 class=\"wp-block-heading\">Labels for ham<\/h2>\r\n\r\n\r\n\r\n<p>When choosing a good ham or cold meat, its presentation and distinction is important, which is why at Imprenet we design all kinds of high-quality labels so that our customers present their product with all kinds of originality and detail.<\/p>\r\n\r\n\r\n\r\n<div class=\"wp-block-spacer\" style=\"height: 60px;\" aria-hidden=\"true\">\u00a0<\/div>\r\n\r\n\r\n<style>#jtg-505 .modula-item .jtg-social a, .lightbox-socials.jtg-social a{ fill: #ffffff; color: #ffffff }#jtg-505 .modula-item .jtg-social-expandable a, #jtg-505 .modula-item .jtg-social-expandable-icons a{ fill: #ffffff; color: #ffffff }#jtg-505 .modula-item .jtg-social svg, .lightbox-socials.jtg-social svg { height: 16px; width: 16px }#jtg-505 .modula-item .jtg-social-expandable svg { height: 16px; width: 16px }#jtg-505 .modula-item .jtg-social-expandable-icons svg { height: 16px; width: 16px }#jtg-505 .modula-item .jtg-social a:not(:last-child), .lightbox-socials.jtg-social a:not(:last-child) { margin-right: 10px }#jtg-505 .modula-item .jtg-social-expandable-icons { gap: 10px }#jtg-505 .modula-item .modula-item-content { transform: scale(1) }#jtg-505 { width:100%;}#jtg-505 .modula-items .figc p.description { color:;}#jtg-505.modula-gallery .modula-item > a, #jtg-505.modula-gallery .modula-item, #jtg-505.modula-gallery .modula-item-content > a:not(.modula-no-follow) { cursor:zoom-in; } #jtg-505.modula-gallery .modula-item-content .modula-no-follow { cursor: default; } #jtg-505.modula-gallery .modula-item, #jtg-505.modula-gallery .modula-grid-sizer { width: calc(33.333333333333% - 20px) ; } @media (min-width: 768px) and (max-width:992px) { html body #jtg-505.modula-gallery .modula-item, html body  #jtg-505.modula-gallery .modula-grid-sizer {width: calc(50% - 5px ) ; } }@media (max-width: 768px) { html body #jtg-505.modula-gallery .modula-item, html body  #jtg-505.modula-gallery .modula-grid-sizer {width: calc(50% - 5px ) ; } }#jtg-505 .modula-items{position:relative;}@media screen and (max-width:480px){#jtg-505 .modula-item .figc .jtg-title {  font-size: 12px; }#jtg-505 .modula-items .figc p.description { color:;font-size:0px; }}<\/style>\n<div  id=\"jtg-505\" class=\"modula modula-gallery modula-columns modula-is-lazy\" data-config=\"{&quot;tabletHeight&quot;:0,&quot;mobileHeight&quot;:0,&quot;desktopHeight&quot;:0,&quot;enableTwitter&quot;:false,&quot;enableWhatsapp&quot;:false,&quot;enableFacebook&quot;:false,&quot;enablePinterest&quot;:false,&quot;enableLinkedin&quot;:false,&quot;enableEmail&quot;:false,&quot;randomFactor&quot;:0,&quot;type&quot;:&quot;grid&quot;,&quot;columns&quot;:12,&quot;gutter&quot;:30,&quot;mobileGutter&quot;:10,&quot;tabletGutter&quot;:10,&quot;desktopGutter&quot;:30,&quot;enableResponsive&quot;:&quot;1&quot;,&quot;tabletColumns&quot;:&quot;2&quot;,&quot;mobileColumns&quot;:&quot;2&quot;,&quot;lazyLoad&quot;:&quot;1&quot;,&quot;lightboxOpts&quot;:{&quot;animated&quot;:true,&quot;Thumbs&quot;:{&quot;type&quot;:&quot;modern&quot;,&quot;showOnStart&quot;:false},&quot;Toolbar&quot;:{&quot;display&quot;:{&quot;right&quot;:[&quot;close&quot;]},&quot;enabled&quot;:true},&quot;Carousel&quot;:{&quot;Panzoom&quot;:{&quot;touch&quot;:false},&quot;infinite&quot;:false},&quot;keyboard&quot;:{&quot;Escape&quot;:&quot;close&quot;,&quot;Delete&quot;:&quot;close&quot;,&quot;Backspace&quot;:&quot;close&quot;,&quot;PageUp&quot;:false,&quot;PageDown&quot;:false,&quot;ArrowUp&quot;:false,&quot;ArrowDown&quot;:false,&quot;ArrowRight&quot;:false,&quot;ArrowLeft&quot;:false},&quot;touch&quot;:false,&quot;backdropClick&quot;:false,&quot;l10n&quot;:{&quot;CLOSE&quot;:&quot;Close&quot;,&quot;NEXT&quot;:&quot;Next&quot;,&quot;PREV&quot;:&quot;Previous&quot;,&quot;Error&quot;:&quot;The requested content cannot be loaded. Please try again later.&quot;,&quot;PLAY_START&quot;:&quot;Start slideshow&quot;,&quot;PLAY_STOP&quot;:&quot;Pause slideshow&quot;,&quot;FULL_SCREEN&quot;:&quot;Full screen&quot;,&quot;THUMBS&quot;:&quot;Thumbnails&quot;,&quot;DOWNLOAD&quot;:&quot;Download&quot;,&quot;SHARE&quot;:&quot;Share&quot;,&quot;ZOOM&quot;:&quot;Zoom&quot;,&quot;EMAIL&quot;:&quot;Here is the link to the image : %%image_link%% and this is the link to the gallery : %%gallery_link%%&quot;,&quot;MODAL&quot;:&quot;You can close this modal content with the ESC key&quot;,&quot;ERROR&quot;:&quot;Something Went Wrong, Please Try Again Later&quot;,&quot;IMAGE_ERROR&quot;:&quot;Image Not Found&quot;,&quot;ELEMENT_NOT_FOUND&quot;:&quot;HTML Element Not Found&quot;,&quot;AJAX_NOT_FOUND&quot;:&quot;Error Loading AJAX : Not Found&quot;,&quot;AJAX_FORBIDDEN&quot;:&quot;Error Loading AJAX : Forbidden&quot;,&quot;IFRAME_ERROR&quot;:&quot;Error Loading Page&quot;,&quot;TOGGLE_ZOOM&quot;:&quot;Toggle zoom level&quot;,&quot;TOGGLE_THUMBS&quot;:&quot;Toggle thumbnails&quot;,&quot;TOGGLE_SLIDESHOW&quot;:&quot;Toggle slideshow&quot;,&quot;TOGGLE_FULLSCREEN&quot;:&quot;Toggle full-screen mode&quot;},&quot;Images&quot;:{&quot;Panzoom&quot;:{&quot;maxScale&quot;:2}},&quot;mainClass&quot;:&quot;modula-fancybox-container modula-lightbox-jtg-505&quot;,&quot;Html&quot;:{&quot;videoAutoplay&quot;:0,&quot;videoTpl&quot;:&quot;&lt;video class=\\&quot;fancybox__html5video\\&quot; controls muted playsinline controlsList controlsList=\\&quot;nodownload\\&quot; poster=\\&quot;{{poster}}\\&quot; src=\\&quot;{{src}}\\&quot; type=\\&quot;{{format}}\\&quot; &gt;  Sorry, your browser doesn&#039;t support embedded videos, &lt;a href=\\&quot;{{src}}\\&quot;&gt; download &lt;\\\/a&gt; and watch with your favorite video player! &lt;\\\/video&gt;&quot;}},&quot;inView&quot;:false,&quot;email_subject&quot;:&quot;Check out this awesome image !!&quot;,&quot;email_message&quot;:&quot;Here is the link to the image : %%image_link%% and this is the link to the gallery : %%gallery_link%%&quot;,&quot;grid_type&quot;:&quot;3&quot;,&quot;rowHeight&quot;:0,&quot;lastRow&quot;:&quot;&quot;,&quot;lightbox&quot;:&quot;fancybox&quot;}\">\n\n\t<div class=\"modula-grid-sizer\"> <\/div>\n\t<div  class=\"modula-items grid-gallery\">\n\t\t<div class=\"modula-item effect-pufrobo\" >\n\t<div class=\"modula-item-overlay\"><\/div>\n\n\t<div class=\"modula-item-content\">\n\n\t\t\t\t\n\t\t\t\t\t<a data-image-id=\"256\" tabindex=\"0\" rel=\"jtg-505\" data-caption=\"\" aria-label=\"Open image in lightbox\" role=\"button\" class=\"tile-inner modula-item-link\"><\/a>\n\t\t\n\t\t<img class=\"pic wp-image-256 lazyload\"  data-valign=\"middle\" data-halign=\"center\" alt=\"vitola imprenet\" data-full=\"https:\/\/imprenet.net\/wp-content\/uploads\/2015\/07\/MG_7306.jpg\" title=\"vitola imprenet 1\" width=\"1024\" height=\"683\" data-src=\"https:\/\/imprenet.net\/wp-content\/uploads\/2015\/07\/MG_7306-1024x683.jpg\" data-caption=\"\" data-source=\"modula\" data-srcset=\"https:\/\/imprenet.net\/wp-content\/uploads\/2015\/07\/MG_7306-300x200.jpg 300w, https:\/\/imprenet.net\/wp-content\/uploads\/2015\/07\/MG_7306-1024x683.jpg 1024w, https:\/\/imprenet.net\/wp-content\/uploads\/2015\/07\/MG_7306.jpg 1417w\" data-sizes=\"(max-width: 1024px) 100vw, 1024px\" \/>\n\t\t<div class=\"figc no-description\">\n\t\t\t<div class=\"figc-inner\">\n\t\t\t\t\t\t\t\t\t\t\t\t\t\t\t<\/div>\n\t\t<\/div>\n\n\t<\/div>\n\n<\/div><div class=\"modula-item effect-pufrobo\" >\n\t<div class=\"modula-item-overlay\"><\/div>\n\n\t<div class=\"modula-item-content\">\n\n\t\t\t\t\n\t\t\t\t\t<a data-image-id=\"255\" tabindex=\"0\" rel=\"jtg-505\" data-caption=\"\" aria-label=\"Open image in lightbox\" role=\"button\" class=\"tile-inner modula-item-link\"><\/a>\n\t\t\n\t\t<img class=\"pic wp-image-255 lazyload\"  data-valign=\"middle\" data-halign=\"center\" alt=\"vitola imprenet\" data-full=\"https:\/\/imprenet.net\/wp-content\/uploads\/2015\/07\/MG_7301.jpg\" title=\"vitola imprenet 2\" width=\"1024\" height=\"683\" data-src=\"https:\/\/imprenet.net\/wp-content\/uploads\/2015\/07\/MG_7301-1024x683.jpg\" data-caption=\"\" data-source=\"modula\" data-srcset=\"https:\/\/imprenet.net\/wp-content\/uploads\/2015\/07\/MG_7301-300x200.jpg 300w, https:\/\/imprenet.net\/wp-content\/uploads\/2015\/07\/MG_7301-1024x683.jpg 1024w, https:\/\/imprenet.net\/wp-content\/uploads\/2015\/07\/MG_7301.jpg 1417w\" data-sizes=\"(max-width: 1024px) 100vw, 1024px\" \/>\n\t\t<div class=\"figc no-description\">\n\t\t\t<div class=\"figc-inner\">\n\t\t\t\t\t\t\t\t\t\t\t\t\t\t\t<\/div>\n\t\t<\/div>\n\n\t<\/div>\n\n<\/div><div class=\"modula-item effect-pufrobo\" >\n\t<div class=\"modula-item-overlay\"><\/div>\n\n\t<div class=\"modula-item-content\">\n\n\t\t\t\t\n\t\t\t\t\t<a data-image-id=\"253\" tabindex=\"0\" rel=\"jtg-505\" data-caption=\"\" aria-label=\"Open image in lightbox\" role=\"button\" class=\"tile-inner modula-item-link\"><\/a>\n\t\t\n\t\t<img class=\"pic wp-image-253 lazyload\"  data-valign=\"middle\" data-halign=\"center\" alt=\"vitola imprenet\" data-full=\"https:\/\/imprenet.net\/wp-content\/uploads\/2015\/07\/MG_7313.jpg\" title=\"vitola imprenet 4\" width=\"1024\" height=\"683\" data-src=\"https:\/\/imprenet.net\/wp-content\/uploads\/2015\/07\/MG_7313-1024x683.jpg\" data-caption=\"\" data-source=\"modula\" data-srcset=\"https:\/\/imprenet.net\/wp-content\/uploads\/2015\/07\/MG_7313-300x200.jpg 300w, https:\/\/imprenet.net\/wp-content\/uploads\/2015\/07\/MG_7313-1024x683.jpg 1024w, https:\/\/imprenet.net\/wp-content\/uploads\/2015\/07\/MG_7313.jpg 1417w\" data-sizes=\"(max-width: 1024px) 100vw, 1024px\" \/>\n\t\t<div class=\"figc no-description\">\n\t\t\t<div class=\"figc-inner\">\n\t\t\t\t\t\t\t\t\t\t\t\t\t\t\t<\/div>\n\t\t<\/div>\n\n\t<\/div>\n\n<\/div><div class=\"modula-item effect-pufrobo\" >\n\t<div class=\"modula-item-overlay\"><\/div>\n\n\t<div class=\"modula-item-content\">\n\n\t\t\t\t\n\t\t\t\t\t<a data-image-id=\"250\" tabindex=\"0\" rel=\"jtg-505\" data-caption=\"\" aria-label=\"Open image in lightbox\" role=\"button\" class=\"tile-inner modula-item-link\"><\/a>\n\t\t\n\t\t<img class=\"pic wp-image-250 lazyload\"  data-valign=\"middle\" data-halign=\"center\" alt=\"vitola imprenet\" data-full=\"https:\/\/imprenet.net\/wp-content\/uploads\/2015\/07\/MG_7299.jpg\" title=\"vitola imprenet 5\" width=\"1024\" height=\"683\" data-src=\"https:\/\/imprenet.net\/wp-content\/uploads\/2015\/07\/MG_7299-1024x683.jpg\" data-caption=\"\" data-source=\"modula\" data-srcset=\"https:\/\/imprenet.net\/wp-content\/uploads\/2015\/07\/MG_7299-300x200.jpg 300w, https:\/\/imprenet.net\/wp-content\/uploads\/2015\/07\/MG_7299-1024x683.jpg 1024w, https:\/\/imprenet.net\/wp-content\/uploads\/2015\/07\/MG_7299.jpg 1417w\" data-sizes=\"(max-width: 1024px) 100vw, 1024px\" \/>\n\t\t<div class=\"figc no-description\">\n\t\t\t<div class=\"figc-inner\">\n\t\t\t\t\t\t\t\t\t\t\t\t\t\t\t<\/div>\n\t\t<\/div>\n\n\t<\/div>\n\n<\/div><div class=\"modula-item effect-pufrobo\" >\n\t<div class=\"modula-item-overlay\"><\/div>\n\n\t<div class=\"modula-item-content\">\n\n\t\t\t\t\n\t\t\t\t\t<a data-image-id=\"249\" tabindex=\"0\" rel=\"jtg-505\" data-caption=\"\" aria-label=\"Open image in lightbox\" role=\"button\" class=\"tile-inner modula-item-link\"><\/a>\n\t\t\n\t\t<img class=\"pic wp-image-249 lazyload\"  data-valign=\"middle\" data-halign=\"center\" alt=\"vitola imprenet\" data-full=\"https:\/\/imprenet.net\/wp-content\/uploads\/2015\/07\/MG_7294.jpg\" title=\"vitola imprenet 6\" width=\"1024\" height=\"683\" data-src=\"https:\/\/imprenet.net\/wp-content\/uploads\/2015\/07\/MG_7294-1024x683.jpg\" data-caption=\"\" data-source=\"modula\" data-srcset=\"https:\/\/imprenet.net\/wp-content\/uploads\/2015\/07\/MG_7294-300x200.jpg 300w, https:\/\/imprenet.net\/wp-content\/uploads\/2015\/07\/MG_7294-1024x683.jpg 1024w, https:\/\/imprenet.net\/wp-content\/uploads\/2015\/07\/MG_7294.jpg 1417w\" data-sizes=\"(max-width: 1024px) 100vw, 1024px\" \/>\n\t\t<div class=\"figc no-description\">\n\t\t\t<div class=\"figc-inner\">\n\t\t\t\t\t\t\t\t\t\t\t\t\t\t\t<\/div>\n\t\t<\/div>\n\n\t<\/div>\n\n<\/div><div class=\"modula-item effect-pufrobo\" >\n\t<div class=\"modula-item-overlay\"><\/div>\n\n\t<div class=\"modula-item-content\">\n\n\t\t\t\t\n\t\t\t\t\t<a data-image-id=\"254\" tabindex=\"0\" rel=\"jtg-505\" data-caption=\"\" aria-label=\"Open image in lightbox\" role=\"button\" class=\"tile-inner modula-item-link\"><\/a>\n\t\t\n\t\t<img class=\"pic wp-image-254 lazyload\"  data-valign=\"middle\" data-halign=\"center\" alt=\"vitola imprenet\" data-full=\"https:\/\/imprenet.net\/wp-content\/uploads\/2015\/07\/simon.jpg\" title=\"vitola imprenet 3\" width=\"1024\" height=\"683\" data-src=\"https:\/\/imprenet.net\/wp-content\/uploads\/2015\/07\/simon-1024x683.jpg\" data-caption=\"\" data-source=\"modula\" data-srcset=\"https:\/\/imprenet.net\/wp-content\/uploads\/2015\/07\/simon-300x200.jpg 300w, https:\/\/imprenet.net\/wp-content\/uploads\/2015\/07\/simon-1024x683.jpg 1024w, https:\/\/imprenet.net\/wp-content\/uploads\/2015\/07\/simon.jpg 1417w\" data-sizes=\"(max-width: 1024px) 100vw, 1024px\" \/>\n\t\t<div class=\"figc no-description\">\n\t\t\t<div class=\"figc-inner\">\n\t\t\t\t\t\t\t\t\t\t\t\t\t\t\t<\/div>\n\t\t<\/div>\n\n\t<\/div>\n\n<\/div><div class=\"modula-item effect-pufrobo\" >\n\t<div class=\"modula-item-overlay\"><\/div>\n\n\t<div class=\"modula-item-content\">\n\n\t\t\t\t\n\t\t\t\t\t<a data-image-id=\"597\" tabindex=\"0\" rel=\"jtg-505\" data-caption=\"\" aria-label=\"Open image in lightbox\" role=\"button\" class=\"tile-inner modula-item-link\"><\/a>\n\t\t\n\t\t<img class=\"pic wp-image-597 lazyload\"  data-valign=\"middle\" data-halign=\"center\" alt=\"Vitola de Jam\u00f3n de Cebo de Campo Ib\u00e9rico 50% raza ib\u00e9rica\" data-full=\"https:\/\/imprenet.net\/wp-content\/uploads\/2023\/03\/web-imprenet-incarlopsa-3.png\" title=\"web-imprenet-incarlopsa-3\" width=\"800\" height=\"800\" data-src=\"https:\/\/imprenet.net\/wp-content\/uploads\/2023\/03\/web-imprenet-incarlopsa-3.png\" data-caption=\"\" data-source=\"modula\" data-srcset=\"https:\/\/imprenet.net\/wp-content\/uploads\/2023\/03\/web-imprenet-incarlopsa-3-66x66.png 66w, https:\/\/imprenet.net\/wp-content\/uploads\/2023\/03\/web-imprenet-incarlopsa-3-150x150.png 150w, https:\/\/imprenet.net\/wp-content\/uploads\/2023\/03\/web-imprenet-incarlopsa-3-300x300.png 300w, https:\/\/imprenet.net\/wp-content\/uploads\/2023\/03\/web-imprenet-incarlopsa-3-640x640.png 640w, https:\/\/imprenet.net\/wp-content\/uploads\/2023\/03\/web-imprenet-incarlopsa-3-768x768.png 768w, https:\/\/imprenet.net\/wp-content\/uploads\/2023\/03\/web-imprenet-incarlopsa-3.png 800w\" data-sizes=\"(max-width: 800px) 100vw, 800px\" \/>\n\t\t<div class=\"figc no-description\">\n\t\t\t<div class=\"figc-inner\">\n\t\t\t\t\t\t\t\t\t\t\t\t\t\t\t<\/div>\n\t\t<\/div>\n\n\t<\/div>\n\n<\/div><div class=\"modula-item effect-pufrobo\" >\n\t<div class=\"modula-item-overlay\"><\/div>\n\n\t<div class=\"modula-item-content\">\n\n\t\t\t\t\n\t\t\t\t\t<a data-image-id=\"595\" tabindex=\"0\" rel=\"jtg-505\" data-caption=\"\" aria-label=\"Open image in lightbox\" role=\"button\" class=\"tile-inner modula-item-link\"><\/a>\n\t\t\n\t\t<img class=\"pic wp-image-595 lazyload\"  data-valign=\"middle\" data-halign=\"center\" alt=\"Vitola de Jam\u00f3n Serrano de 12 meses de curaci\u00f3n\" data-full=\"https:\/\/imprenet.net\/wp-content\/uploads\/2023\/03\/web-imprenet-incarlopsa-1.png\" title=\"web-imprenet-incarlopsa-1\" width=\"800\" height=\"800\" data-src=\"https:\/\/imprenet.net\/wp-content\/uploads\/2023\/03\/web-imprenet-incarlopsa-1.png\" data-caption=\"\" data-source=\"modula\" data-srcset=\"https:\/\/imprenet.net\/wp-content\/uploads\/2023\/03\/web-imprenet-incarlopsa-1-66x66.png 66w, https:\/\/imprenet.net\/wp-content\/uploads\/2023\/03\/web-imprenet-incarlopsa-1-150x150.png 150w, https:\/\/imprenet.net\/wp-content\/uploads\/2023\/03\/web-imprenet-incarlopsa-1-300x300.png 300w, https:\/\/imprenet.net\/wp-content\/uploads\/2023\/03\/web-imprenet-incarlopsa-1-640x640.png 640w, https:\/\/imprenet.net\/wp-content\/uploads\/2023\/03\/web-imprenet-incarlopsa-1-768x768.png 768w, https:\/\/imprenet.net\/wp-content\/uploads\/2023\/03\/web-imprenet-incarlopsa-1.png 800w\" data-sizes=\"(max-width: 800px) 100vw, 800px\" \/>\n\t\t<div class=\"figc no-description\">\n\t\t\t<div class=\"figc-inner\">\n\t\t\t\t\t\t\t\t\t\t\t\t\t\t\t<\/div>\n\t\t<\/div>\n\n\t<\/div>\n\n<\/div><div class=\"modula-item effect-pufrobo\" >\n\t<div class=\"modula-item-overlay\"><\/div>\n\n\t<div class=\"modula-item-content\">\n\n\t\t\t\t\n\t\t\t\t\t<a data-image-id=\"592\" tabindex=\"0\" rel=\"jtg-505\" data-caption=\"\" aria-label=\"Open image in lightbox\" role=\"button\" class=\"tile-inner modula-item-link\"><\/a>\n\t\t\n\t\t<img class=\"pic wp-image-592 lazyload\"  data-valign=\"middle\" data-halign=\"center\" alt=\"Vitola de Jam\u00f3n Serrano Reserva de 12 meses de curaci\u00f3n\" data-full=\"https:\/\/imprenet.net\/wp-content\/uploads\/2023\/03\/web-imprenet-grupo-jorge-1.png\" title=\"web-imprenet-grupo-jorge-1\" width=\"1024\" height=\"701\" data-src=\"https:\/\/imprenet.net\/wp-content\/uploads\/2023\/03\/web-imprenet-grupo-jorge-1-1024x701.png\" data-caption=\"\" data-source=\"modula\" data-srcset=\"https:\/\/imprenet.net\/wp-content\/uploads\/2023\/03\/web-imprenet-grupo-jorge-1-300x205.png 300w, https:\/\/imprenet.net\/wp-content\/uploads\/2023\/03\/web-imprenet-grupo-jorge-1-640x438.png 640w, https:\/\/imprenet.net\/wp-content\/uploads\/2023\/03\/web-imprenet-grupo-jorge-1-768x526.png 768w, https:\/\/imprenet.net\/wp-content\/uploads\/2023\/03\/web-imprenet-grupo-jorge-1-1024x701.png 1024w, https:\/\/imprenet.net\/wp-content\/uploads\/2023\/03\/web-imprenet-grupo-jorge-1.png 1308w\" data-sizes=\"(max-width: 1024px) 100vw, 1024px\" \/>\n\t\t<div class=\"figc no-description\">\n\t\t\t<div class=\"figc-inner\">\n\t\t\t\t\t\t\t\t\t\t\t\t\t\t\t<\/div>\n\t\t<\/div>\n\n\t<\/div>\n\n<\/div><div class=\"modula-item effect-pufrobo\" >\n\t<div class=\"modula-item-overlay\"><\/div>\n\n\t<div class=\"modula-item-content\">\n\n\t\t\t\t\n\t\t\t\t\t<a data-image-id=\"591\" tabindex=\"0\" rel=\"jtg-505\" data-caption=\"\" aria-label=\"Open image in lightbox\" role=\"button\" class=\"tile-inner modula-item-link\"><\/a>\n\t\t\n\t\t<img class=\"pic wp-image-591 lazyload\"  data-valign=\"middle\" data-halign=\"center\" alt=\"Vitola escarapela de Jam\u00f3n de Bellota 100% Ib\u00e9rico\" data-full=\"https:\/\/imprenet.net\/wp-content\/uploads\/2023\/03\/web-imprenet-blazquez-1.png\" title=\"web-imprenet-blazquez-1\" width=\"1024\" height=\"768\" data-src=\"https:\/\/imprenet.net\/wp-content\/uploads\/2023\/03\/web-imprenet-blazquez-1-1024x768.png\" data-caption=\"\" data-source=\"modula\" data-srcset=\"https:\/\/imprenet.net\/wp-content\/uploads\/2023\/03\/web-imprenet-blazquez-1-300x225.png 300w, https:\/\/imprenet.net\/wp-content\/uploads\/2023\/03\/web-imprenet-blazquez-1-640x480.png 640w, https:\/\/imprenet.net\/wp-content\/uploads\/2023\/03\/web-imprenet-blazquez-1-768x576.png 768w, https:\/\/imprenet.net\/wp-content\/uploads\/2023\/03\/web-imprenet-blazquez-1-1024x768.png 1024w, https:\/\/imprenet.net\/wp-content\/uploads\/2023\/03\/web-imprenet-blazquez-1.png 1200w\" data-sizes=\"(max-width: 1024px) 100vw, 1024px\" \/>\n\t\t<div class=\"figc no-description\">\n\t\t\t<div class=\"figc-inner\">\n\t\t\t\t\t\t\t\t\t\t\t\t\t\t\t<\/div>\n\t\t<\/div>\n\n\t<\/div>\n\n<\/div>\t\t\n\t<\/div>\n\n\t\n\t\n\t<script type=\"application\/ld+json\">\n\t{\n\t\t\"@context\": \"http:\/\/schema.org\",\n\t\t\"@type\"   : \"ImageGallery\",\n\t\t\"id\"      : \"https:\/\/imprenet.net\/en\/vitolas-2023\/\",\n\t\t\"url\"     : \"https:\/\/imprenet.net\/en\/vitolas-2023\/\"\n\t}\n\n\t<\/script>\n\n\t\n<\/div>","protected":false},"excerpt":{"rendered":"<p>Vitolas A la hora de escoger un buen jam\u00f3n o  [&#8230;]<\/p>","protected":false},"author":7,"featured_media":0,"parent":0,"menu_order":0,"comment_status":"closed","ping_status":"closed","template":"","meta":{"footnotes":""},"class_list":["post-502","page","type-page","status-publish","hentry"],"aioseo_notices":[],"_links":{"self":[{"href":"https:\/\/imprenet.net\/en\/wp-json\/wp\/v2\/pages\/502","targetHints":{"allow":["GET"]}}],"collection":[{"href":"https:\/\/imprenet.net\/en\/wp-json\/wp\/v2\/pages"}],"about":[{"href":"https:\/\/imprenet.net\/en\/wp-json\/wp\/v2\/types\/page"}],"author":[{"embeddable":true,"href":"https:\/\/imprenet.net\/en\/wp-json\/wp\/v2\/users\/7"}],"replies":[{"embeddable":true,"href":"https:\/\/imprenet.net\/en\/wp-json\/wp\/v2\/comments?post=502"}],"version-history":[{"count":0,"href":"https:\/\/imprenet.net\/en\/wp-json\/wp\/v2\/pages\/502\/revisions"}],"wp:attachment":[{"href":"https:\/\/imprenet.net\/en\/wp-json\/wp\/v2\/media?parent=502"}],"curies":[{"name":"wp","href":"https:\/\/api.w.org\/{rel}","templated":true}]}}